{"id":481,"date":"2025-01-31T16:52:29","date_gmt":"2025-01-31T16:52:29","guid":{"rendered":"https:\/\/spazio27b.it\/?page_id=481"},"modified":"2025-07-16T15:59:29","modified_gmt":"2025-07-16T15:59:29","slug":"spazio-incontro","status":"publish","type":"page","link":"https:\/\/spazio27b.it\/index.php\/spazio-incontro\/","title":{"rendered":"Spazio Incontro"},"content":{"rendered":"\t\t<div data-elementor-type=\"wp-page\" data-elementor-id=\"481\" class=\"elementor elementor-481\" data-elementor-post-type=\"page\">\n\t\t\t\t<div class=\"elementor-element elementor-element-3702722 e-flex e-con-boxed e-con e-child\" data-id=\"3702722\" data-element_type=\"container\" data-settings=\"{&quot;background_background&quot;:&quot;classic&quot;}\">\n\t\t\t\t\t<div class=\"e-con-inner\">\n\t\t<div class=\"elementor-element elementor-element-568fefc e-con-full e-flex e-con e-child\" data-id=\"568fefc\" data-element_type=\"container\" data-settings=\"{&quot;background_background&quot;:&quot;classic&quot;}\">\n\t\t\t\t<div class=\"elementor-element elementor-element-3cb0d98 elementor-widget-mobile__width-inherit elementor-view-default elementor-position-top elementor-mobile-position-top elementor-widget elementor-widget-icon-box\" data-id=\"3cb0d98\" data-element_type=\"widget\" data-widget_type=\"icon-box.default\">\n\t\t\t\t<div class=\"elementor-widget-container\">\n\t\t\t\t\t\t\t<div class=\"elementor-icon-box-wrapper\">\n\n\t\t\t\t\t\t<div class=\"elementor-icon-box-icon\">\n\t\t\t\t<span  class=\"elementor-icon\">\n\t\t\t\t<svg xmlns=\"http:\/\/www.w3.org\/2000\/svg\" id=\"Raggruppa_36\" viewBox=\"0 0 66.7 66.7\"><path d=\"M50.8,0H15.9C7.1,0,0,7.1,0,15.9H0v34.8C0,59.6,7.1,66.7,15.9,66.7h34.8c8.8,0,15.9-7.1,15.9-15.9h0V15.9C66.7,7.1,59.6,0,50.8,0ZM63,15.9v34.8c0,6.8-5.5,12.3-12.3,12.3H15.9c-6.8,0-12.3-5.5-12.3-12.3h0V15.9c0-6.8,5.5-12.3,12.3-12.3h34.8c6.8,0,12.3,5.5,12.3,12.3h0Z\"><\/path><circle cx=\"25\" cy=\"18.1\" r=\"4.6\" transform=\"translate(-2.6 4.2) rotate(-9.2)\"><\/circle><path d=\"M31.1,27.3c0-2.2-1.8-4-4-4h-4.2c-2.2,0-4,1.8-4,4v8.8h0c0,0,0,.2,0,.2v14.5c0,1.4,1.2,2.6,2.6,2.6h0c1.4,0,2.6-1.2,2.6-2.6v-10.8h1.7v10.9c0,1.4,1.2,2.6,2.6,2.6h0c1.4,0,2.6-1.2,2.6-2.6v-15.2s0,0,0,0v-8.5Z\"><\/path><circle cx=\"41.7\" cy=\"18.1\" r=\"4.6\" transform=\"translate(9 49.6) rotate(-67.5)\"><\/circle><path d=\"M45.6,26.7c-.3-1.7-1.6-3-3.3-3.3-2.2-.4-4.3,1.1-4.7,3.3l-3.9,22.2c0,.2,0,.5,0,.7,0,2.2,1.8,4.1,4.1,4.1h7.9c.2,0,.5,0,.7,0,2.2-.4,3.7-2.5,3.3-4.7l-3.9-22.2Z\"><\/path><\/svg>\t\t\t\t<\/span>\n\t\t\t<\/div>\n\t\t\t\n\t\t\t\t\t\t<div class=\"elementor-icon-box-content\">\n\n\t\t\t\t\t\t\t\t\t<h3 class=\"elementor-icon-box-title\">\n\t\t\t\t\t\t<span  >\n\t\t\t\t\t\t\tSpazio Incontro\t\t\t\t\t\t<\/span>\n\t\t\t\t\t<\/h3>\n\t\t\t\t\n\t\t\t\t\t\t\t\t\t<p class=\"elementor-icon-box-description\">\n\t\t\t\t\t\t<span class=\"w200\">Lo \u201c<b>Spazio Incontro<\/b>\u201d abita e anima il quartiere Canazza di Legnano da due decenni. In tutto questo tempo ha trovato sede in Via Colombes; ma tra qualche settimana aprir\u00e0 i suoi nuovi ambienti proprio all\u2019interno dello Spazio27b. <\/span>\t\t\t\t\t<\/p>\n\t\t\t\t\n\t\t\t<\/div>\n\t\t\t\n\t\t<\/div>\n\t\t\t\t\t\t<\/div>\n\t\t\t\t<\/div>\n\t\t\t\t<\/div>\n\t\t\t\t\t<\/div>\n\t\t\t\t<\/div>\n\t\t<div class=\"elementor-element elementor-element-4bb3ad5 e-flex e-con-boxed e-con e-parent\" data-id=\"4bb3ad5\" data-element_type=\"container\" data-settings=\"{&quot;background_background&quot;:&quot;classic&quot;}\">\n\t\t\t\t\t<div class=\"e-con-inner\">\n\t\t\t\t<div class=\"elementor-element elementor-element-5abc6e5 w200  elementor-widget elementor-widget-text-editor\" data-id=\"5abc6e5\" data-element_type=\"widget\" data-widget_type=\"text-editor.default\">\n\t\t\t\t<div class=\"elementor-widget-container\">\n\t\t\t\t\t\t\t\t\t<p>Lo <span class=\"w500\">Spazio Incontro<\/span> \u00e8 un luogo ricreativo, espressivo e culturale che propone attivit\u00e0 volte a <span style=\"color: #e2f179; background-color: #0c3221; padding: 0px 5px 0px 5px;\">rafforzare i legami sociali<\/span> e a <span style=\"color: #e2f179; background-color: #0c3221; padding: 0px 5px 0px 5px;\">ridurre la solitudine<\/span> organizzando per il tempo libero corsi e momenti di incontro formali ed informali per tutte le fasce d&#8217;et\u00e0. La programmazione del calendario, definita semestralmente, propone inoltre attivit\u00e0 educative per bambini e ragazzi.<\/p>\t\t\t\t\t\t\t\t<\/div>\n\t\t\t\t<\/div>\n\t\t<div class=\"elementor-element elementor-element-c399884 e-grid e-con-boxed e-con e-child\" data-id=\"c399884\" data-element_type=\"container\">\n\t\t\t\t\t<div class=\"e-con-inner\">\n\t\t\t\t<div class=\"elementor-element elementor-element-9596275 elementor-widget elementor-widget-image\" data-id=\"9596275\" data-element_type=\"widget\" data-widget_type=\"image.default\">\n\t\t\t\t<div class=\"elementor-widget-container\">\n\t\t\t\t\t\t\t\t\t\t\t\t\t\t\t<img fetchpriority=\"high\" decoding=\"async\" width=\"800\" height=\"640\" src=\"https:\/\/spazio27b.it\/wp-content\/uploads\/2025\/07\/Spazio-27b-bassa-131.jpg\" class=\"attachment-large size-large wp-image-899\" alt=\"\" srcset=\"https:\/\/spazio27b.it\/wp-content\/uploads\/2025\/07\/Spazio-27b-bassa-131.jpg 1000w, https:\/\/spazio27b.it\/wp-content\/uploads\/2025\/07\/Spazio-27b-bassa-131-300x240.jpg 300w, https:\/\/spazio27b.it\/wp-content\/uploads\/2025\/07\/Spazio-27b-bassa-131-768x614.jpg 768w\" sizes=\"(max-width: 800px) 100vw, 800px\" \/>\t\t\t\t\t\t\t\t\t\t\t\t\t\t\t<\/div>\n\t\t\t\t<\/div>\n\t\t\t\t<div class=\"elementor-element elementor-element-79942de elementor-widget elementor-widget-image\" data-id=\"79942de\" data-element_type=\"widget\" data-widget_type=\"image.default\">\n\t\t\t\t<div class=\"elementor-widget-container\">\n\t\t\t\t\t\t\t\t\t\t\t\t\t\t\t<img decoding=\"async\" width=\"800\" height=\"640\" src=\"https:\/\/spazio27b.it\/wp-content\/uploads\/2025\/07\/Spazio-27b-bassa-102.jpg\" class=\"attachment-large size-large wp-image-915\" alt=\"\" srcset=\"https:\/\/spazio27b.it\/wp-content\/uploads\/2025\/07\/Spazio-27b-bassa-102.jpg 1000w, https:\/\/spazio27b.it\/wp-content\/uploads\/2025\/07\/Spazio-27b-bassa-102-300x240.jpg 300w, https:\/\/spazio27b.it\/wp-content\/uploads\/2025\/07\/Spazio-27b-bassa-102-768x614.jpg 768w\" sizes=\"(max-width: 800px) 100vw, 800px\" \/>\t\t\t\t\t\t\t\t\t\t\t\t\t\t\t<\/div>\n\t\t\t\t<\/div>\n\t\t\t\t\t<\/div>\n\t\t\t\t<\/div>\n\t\t\t\t\t<\/div>\n\t\t\t\t<\/div>\n\t\t<div class=\"elementor-element elementor-element-e5f2aac e-flex e-con-boxed e-con e-parent\" data-id=\"e5f2aac\" data-element_type=\"container\" data-settings=\"{&quot;background_background&quot;:&quot;classic&quot;}\">\n\t\t\t\t\t<div class=\"e-con-inner\">\n\t\t<div class=\"elementor-element elementor-element-0427c4d e-con-full e-flex e-con e-child\" data-id=\"0427c4d\" data-element_type=\"container\" data-settings=\"{&quot;background_background&quot;:&quot;classic&quot;}\">\n\t\t\t\t<\/div>\n\t\t<div class=\"elementor-element elementor-element-d305f1e e-con-full e-flex e-con e-child\" data-id=\"d305f1e\" data-element_type=\"container\" data-settings=\"{&quot;background_background&quot;:&quot;classic&quot;}\">\n\t\t\t\t<div class=\"elementor-element elementor-element-c124d57 w200  elementor-widget-mobile__width-inherit elementor-widget elementor-widget-text-editor\" data-id=\"c124d57\" data-element_type=\"widget\" data-widget_type=\"text-editor.default\">\n\t\t\t\t<div class=\"elementor-widget-container\">\n\t\t\t\t\t\t\t\t\t<p>Lo Spazio Incontro offre anche <span style=\"color: #0c3221; background-color: #e2f179; padding: 0px 5px 0px 5px;\">momenti di condivisione<\/span>: la semplice lettura insieme del giornale e il rito del t\u00e8 diventano quindi momenti nei quali ci si pu\u00f2 incontrare e confrontare ma anche sostenere come accade nei gruppi di auto mutuo aiuto, a supporto delle difficolt\u00e0 quotidiane.<\/p>\t\t\t\t\t\t\t\t<\/div>\n\t\t\t\t<\/div>\n\t\t\t\t<div class=\"elementor-element elementor-element-866381f elementor-align-justify elementor-widget__width-initial elementor-widget-mobile__width-inherit elementor-widget elementor-widget-button\" data-id=\"866381f\" data-element_type=\"widget\" data-widget_type=\"button.default\">\n\t\t\t\t<div class=\"elementor-widget-container\">\n\t\t\t\t\t\t\t\t\t<div class=\"elementor-button-wrapper\">\n\t\t\t\t\t<a class=\"elementor-button elementor-button-link elementor-size-sm\" href=\"https:\/\/etainsieme.org\/servizi-ai-minori\/spazio-incontro\/\" target=\"_blank\">\n\t\t\t\t\t\t<span class=\"elementor-button-content-wrapper\">\n\t\t\t\t\t\t<span class=\"elementor-button-icon\">\n\t\t\t\t<svg xmlns=\"http:\/\/www.w3.org\/2000\/svg\" id=\"Livello_1\" viewBox=\"0 0 16 16\"><path d=\"M4.7,11.4c-.1,0-.3,0-.4-.1-.2-.2-.2-.5,0-.7l5.6-5.6h-4.1c-.3,0-.5-.2-.5-.5s.2-.5.5-.5h5.3c.3,0,.5.2.5.5v5.3c0,.3-.2.5-.5.5s-.5-.2-.5-.5v-4.1l-5.6,5.6c0,0-.2.1-.4.1Z\"><\/path><g id=\"Rettangolo_12\"><path d=\"M13,16H3c-1.7,0-3-1.3-3-3V3C0,1.3,1.3,0,3,0h10c1.7,0,3,1.3,3,3v10c0,1.7-1.3,3-3,3ZM3,1c-1.1,0-2,.9-2,2v10c0,1.1.9,2,2,2h10c1.1,0,2-.9,2-2V3c0-1.1-.9-2-2-2H3Z\"><\/path><\/g><\/svg>\t\t\t<\/span>\n\t\t\t\t\t\t\t\t\t<span class=\"elementor-button-text\">Visita il sito web<\/span>\n\t\t\t\t\t<\/span>\n\t\t\t\t\t<\/a>\n\t\t\t\t<\/div>\n\t\t\t\t\t\t\t\t<\/div>\n\t\t\t\t<\/div>\n\t\t\t\t<\/div>\n\t\t\t\t\t<\/div>\n\t\t\t\t<\/div>\n\t\t\t\t<\/div>\n\t\t","protected":false},"excerpt":{"rendered":"<p>Spazio Incontro Lo \u201cSpazio Incontro\u201d abita e anima il quartiere Canazza di Legnano da due decenni. In tutto questo tempo ha trovato sede in Via Colombes; ma tra qualche settimana aprir\u00e0 i suoi nuovi ambienti proprio all\u2019interno dello Spazio27b. Lo Spazio Incontro \u00e8 un luogo ricreativo, espressivo e culturale che propone attivit\u00e0 volte a rafforzare [&hellip;]<\/p>\n","protected":false},"author":1,"featured_media":602,"parent":0,"menu_order":0,"comment_status":"closed","ping_status":"closed","template":"","meta":{"footnotes":""},"class_list":["post-481","page","type-page","status-publish","has-post-thumbnail","hentry"],"yoast_head":"<!-- This site is optimized with the Yoast SEO plugin v24.4 - https:\/\/yoast.com\/wordpress\/plugins\/seo\/ -->\r\n<title>Spazio Incontro | Attivit\u00e0 Ricreative e Sociali a Legnano<\/title>\r\n<meta name=\"description\" content=\"Scopri lo Spazio Incontro di Spazio 27B a Legnano: un luogo di socialit\u00e0, cultura e benessere che propone attivit\u00e0 per tutte le et\u00e0, rafforzando i legami comunitari e combattendo la solitudine.\" \/>\r\n<meta name=\"robots\" content=\"noindex, follow\" \/>\r\n<meta property=\"og:locale\" content=\"it_IT\" \/>\r\n<meta property=\"og:type\" content=\"article\" \/>\r\n<meta property=\"og:title\" content=\"Spazio Incontro | Attivit\u00e0 Ricreative e Sociali a Legnano\" \/>\r\n<meta property=\"og:description\" content=\"Scopri lo Spazio Incontro di Spazio 27B a Legnano: un luogo di socialit\u00e0, cultura e benessere che propone attivit\u00e0 per tutte le et\u00e0, rafforzando i legami comunitari e combattendo la solitudine.\" \/>\r\n<meta property=\"og:url\" content=\"https:\/\/spazio27b.it\/index.php\/spazio-incontro\/\" \/>\r\n<meta property=\"og:site_name\" content=\"Spazio 27B\" \/>\r\n<meta property=\"article:modified_time\" content=\"2025-07-16T15:59:29+00:00\" \/>\r\n<meta property=\"og:image\" content=\"https:\/\/spazio27b.it\/wp-content\/uploads\/2025\/02\/spazio_incontro_spazio_27b_b.jpg\" \/>\r\n\t<meta property=\"og:image:width\" content=\"1000\" \/>\r\n\t<meta property=\"og:image:height\" content=\"800\" \/>\r\n\t<meta property=\"og:image:type\" content=\"image\/jpeg\" \/>\r\n<meta name=\"twitter:card\" content=\"summary_large_image\" \/>\r\n<meta name=\"twitter:label1\" content=\"Tempo di lettura stimato\" \/>\n\t<meta name=\"twitter:data1\" content=\"1 minuto\" \/>\r\n<script type=\"application\/ld+json\" class=\"yoast-schema-graph\">{\"@context\":\"https:\/\/schema.org\",\"@graph\":[{\"@type\":\"WebPage\",\"@id\":\"https:\/\/spazio27b.it\/index.php\/spazio-incontro\/\",\"url\":\"https:\/\/spazio27b.it\/index.php\/spazio-incontro\/\",\"name\":\"Spazio Incontro | Attivit\u00e0 Ricreative e Sociali a Legnano\",\"isPartOf\":{\"@id\":\"https:\/\/spazio27b.it\/#website\"},\"primaryImageOfPage\":{\"@id\":\"https:\/\/spazio27b.it\/index.php\/spazio-incontro\/#primaryimage\"},\"image\":{\"@id\":\"https:\/\/spazio27b.it\/index.php\/spazio-incontro\/#primaryimage\"},\"thumbnailUrl\":\"https:\/\/spazio27b.it\/wp-content\/uploads\/2025\/02\/spazio_incontro_spazio_27b_b.jpg\",\"datePublished\":\"2025-01-31T16:52:29+00:00\",\"dateModified\":\"2025-07-16T15:59:29+00:00\",\"description\":\"Scopri lo Spazio Incontro di Spazio 27B a Legnano: un luogo di socialit\u00e0, cultura e benessere che propone attivit\u00e0 per tutte le et\u00e0, rafforzando i legami comunitari e combattendo la solitudine.\",\"breadcrumb\":{\"@id\":\"https:\/\/spazio27b.it\/index.php\/spazio-incontro\/#breadcrumb\"},\"inLanguage\":\"it-IT\",\"potentialAction\":[{\"@type\":\"ReadAction\",\"target\":[\"https:\/\/spazio27b.it\/index.php\/spazio-incontro\/\"]}]},{\"@type\":\"ImageObject\",\"inLanguage\":\"it-IT\",\"@id\":\"https:\/\/spazio27b.it\/index.php\/spazio-incontro\/#primaryimage\",\"url\":\"https:\/\/spazio27b.it\/wp-content\/uploads\/2025\/02\/spazio_incontro_spazio_27b_b.jpg\",\"contentUrl\":\"https:\/\/spazio27b.it\/wp-content\/uploads\/2025\/02\/spazio_incontro_spazio_27b_b.jpg\",\"width\":1000,\"height\":800,\"caption\":\"Young people have fun playing board games while sitting at a table in the room.\"},{\"@type\":\"BreadcrumbList\",\"@id\":\"https:\/\/spazio27b.it\/index.php\/spazio-incontro\/#breadcrumb\",\"itemListElement\":[{\"@type\":\"ListItem\",\"position\":1,\"name\":\"Home\",\"item\":\"https:\/\/spazio27b.it\/\"},{\"@type\":\"ListItem\",\"position\":2,\"name\":\"Spazio Incontro\"}]},{\"@type\":\"WebSite\",\"@id\":\"https:\/\/spazio27b.it\/#website\",\"url\":\"https:\/\/spazio27b.it\/\",\"name\":\"Spazio 27B\",\"description\":\"\",\"publisher\":{\"@id\":\"https:\/\/spazio27b.it\/#organization\"},\"potentialAction\":[{\"@type\":\"SearchAction\",\"target\":{\"@type\":\"EntryPoint\",\"urlTemplate\":\"https:\/\/spazio27b.it\/?s={search_term_string}\"},\"query-input\":{\"@type\":\"PropertyValueSpecification\",\"valueRequired\":true,\"valueName\":\"search_term_string\"}}],\"inLanguage\":\"it-IT\"},{\"@type\":\"Organization\",\"@id\":\"https:\/\/spazio27b.it\/#organization\",\"name\":\"Spazio 27B\",\"url\":\"https:\/\/spazio27b.it\/\",\"logo\":{\"@type\":\"ImageObject\",\"inLanguage\":\"it-IT\",\"@id\":\"https:\/\/spazio27b.it\/#\/schema\/logo\/image\/\",\"url\":\"https:\/\/spazio27b.it\/wp-content\/uploads\/2024\/11\/logo_spazio27b.svg\",\"contentUrl\":\"https:\/\/spazio27b.it\/wp-content\/uploads\/2024\/11\/logo_spazio27b.svg\",\"width\":155,\"height\":78,\"caption\":\"Spazio 27B\"},\"image\":{\"@id\":\"https:\/\/spazio27b.it\/#\/schema\/logo\/image\/\"}}]}<\/script>\r\n<!-- \/ Yoast SEO plugin. -->","yoast_head_json":{"title":"Spazio Incontro | Attivit\u00e0 Ricreative e Sociali a Legnano","description":"Scopri lo Spazio Incontro di Spazio 27B a Legnano: un luogo di socialit\u00e0, cultura e benessere che propone attivit\u00e0 per tutte le et\u00e0, rafforzando i legami comunitari e combattendo la solitudine.","robots":{"index":"noindex","follow":"follow"},"og_locale":"it_IT","og_type":"article","og_title":"Spazio Incontro | Attivit\u00e0 Ricreative e Sociali a Legnano","og_description":"Scopri lo Spazio Incontro di Spazio 27B a Legnano: un luogo di socialit\u00e0, cultura e benessere che propone attivit\u00e0 per tutte le et\u00e0, rafforzando i legami comunitari e combattendo la solitudine.","og_url":"https:\/\/spazio27b.it\/index.php\/spazio-incontro\/","og_site_name":"Spazio 27B","article_modified_time":"2025-07-16T15:59:29+00:00","og_image":[{"width":1000,"height":800,"url":"https:\/\/spazio27b.it\/wp-content\/uploads\/2025\/02\/spazio_incontro_spazio_27b_b.jpg","type":"image\/jpeg"}],"twitter_card":"summary_large_image","twitter_misc":{"Tempo di lettura stimato":"1 minuto"},"schema":{"@context":"https:\/\/schema.org","@graph":[{"@type":"WebPage","@id":"https:\/\/spazio27b.it\/index.php\/spazio-incontro\/","url":"https:\/\/spazio27b.it\/index.php\/spazio-incontro\/","name":"Spazio Incontro | Attivit\u00e0 Ricreative e Sociali a Legnano","isPartOf":{"@id":"https:\/\/spazio27b.it\/#website"},"primaryImageOfPage":{"@id":"https:\/\/spazio27b.it\/index.php\/spazio-incontro\/#primaryimage"},"image":{"@id":"https:\/\/spazio27b.it\/index.php\/spazio-incontro\/#primaryimage"},"thumbnailUrl":"https:\/\/spazio27b.it\/wp-content\/uploads\/2025\/02\/spazio_incontro_spazio_27b_b.jpg","datePublished":"2025-01-31T16:52:29+00:00","dateModified":"2025-07-16T15:59:29+00:00","description":"Scopri lo Spazio Incontro di Spazio 27B a Legnano: un luogo di socialit\u00e0, cultura e benessere che propone attivit\u00e0 per tutte le et\u00e0, rafforzando i legami comunitari e combattendo la solitudine.","breadcrumb":{"@id":"https:\/\/spazio27b.it\/index.php\/spazio-incontro\/#breadcrumb"},"inLanguage":"it-IT","potentialAction":[{"@type":"ReadAction","target":["https:\/\/spazio27b.it\/index.php\/spazio-incontro\/"]}]},{"@type":"ImageObject","inLanguage":"it-IT","@id":"https:\/\/spazio27b.it\/index.php\/spazio-incontro\/#primaryimage","url":"https:\/\/spazio27b.it\/wp-content\/uploads\/2025\/02\/spazio_incontro_spazio_27b_b.jpg","contentUrl":"https:\/\/spazio27b.it\/wp-content\/uploads\/2025\/02\/spazio_incontro_spazio_27b_b.jpg","width":1000,"height":800,"caption":"Young people have fun playing board games while sitting at a table in the room."},{"@type":"BreadcrumbList","@id":"https:\/\/spazio27b.it\/index.php\/spazio-incontro\/#breadcrumb","itemListElement":[{"@type":"ListItem","position":1,"name":"Home","item":"https:\/\/spazio27b.it\/"},{"@type":"ListItem","position":2,"name":"Spazio Incontro"}]},{"@type":"WebSite","@id":"https:\/\/spazio27b.it\/#website","url":"https:\/\/spazio27b.it\/","name":"Spazio 27B","description":"","publisher":{"@id":"https:\/\/spazio27b.it\/#organization"},"potentialAction":[{"@type":"SearchAction","target":{"@type":"EntryPoint","urlTemplate":"https:\/\/spazio27b.it\/?s={search_term_string}"},"query-input":{"@type":"PropertyValueSpecification","valueRequired":true,"valueName":"search_term_string"}}],"inLanguage":"it-IT"},{"@type":"Organization","@id":"https:\/\/spazio27b.it\/#organization","name":"Spazio 27B","url":"https:\/\/spazio27b.it\/","logo":{"@type":"ImageObject","inLanguage":"it-IT","@id":"https:\/\/spazio27b.it\/#\/schema\/logo\/image\/","url":"https:\/\/spazio27b.it\/wp-content\/uploads\/2024\/11\/logo_spazio27b.svg","contentUrl":"https:\/\/spazio27b.it\/wp-content\/uploads\/2024\/11\/logo_spazio27b.svg","width":155,"height":78,"caption":"Spazio 27B"},"image":{"@id":"https:\/\/spazio27b.it\/#\/schema\/logo\/image\/"}}]}},"_links":{"self":[{"href":"https:\/\/spazio27b.it\/index.php\/wp-json\/wp\/v2\/pages\/481","targetHints":{"allow":["GET"]}}],"collection":[{"href":"https:\/\/spazio27b.it\/index.php\/wp-json\/wp\/v2\/pages"}],"about":[{"href":"https:\/\/spazio27b.it\/index.php\/wp-json\/wp\/v2\/types\/page"}],"author":[{"embeddable":true,"href":"https:\/\/spazio27b.it\/index.php\/wp-json\/wp\/v2\/users\/1"}],"replies":[{"embeddable":true,"href":"https:\/\/spazio27b.it\/index.php\/wp-json\/wp\/v2\/comments?post=481"}],"version-history":[{"count":71,"href":"https:\/\/spazio27b.it\/index.php\/wp-json\/wp\/v2\/pages\/481\/revisions"}],"predecessor-version":[{"id":918,"href":"https:\/\/spazio27b.it\/index.php\/wp-json\/wp\/v2\/pages\/481\/revisions\/918"}],"wp:featuredmedia":[{"embeddable":true,"href":"https:\/\/spazio27b.it\/index.php\/wp-json\/wp\/v2\/media\/602"}],"wp:attachment":[{"href":"https:\/\/spazio27b.it\/index.php\/wp-json\/wp\/v2\/media?parent=481"}],"curies":[{"name":"wp","href":"https:\/\/api.w.org\/{rel}","templated":true}]}}